{"id":54,"date":"2018-08-30T09:37:37","date_gmt":"2018-08-30T07:37:37","guid":{"rendered":"http:\/\/www.elverdissen.de\/fbv\/?page_id=54"},"modified":"2020-06-26T23:13:03","modified_gmt":"2020-06-26T21:13:03","slug":"uber-den-verein","status":"publish","type":"page","link":"http:\/\/www.elverdissen.de\/fbv\/index.php\/uber-den-verein\/","title":{"rendered":"\u00dcber den Verein"},"content":{"rendered":"<p><strong>Der Freibadverein Elverdissen e.V. tr\u00e4gt dazu bei&#8230;<\/strong><\/p>\n<ul>\n<li>das Freibad Elverdissen zu erhalten, zu versch\u00f6nern und die Attraktivit\u00e4t zu steigern<\/li>\n<li>Kosten durch Mithilfe bei den Pflegearbeiten zu senken<\/li>\n<li>durch besondere Aktivit\u00e4ten (wie z.B. das Sommerfest, Aqua-Aerobic-Kurse, Aquaball-Turniere) die Attraktivit\u00e4t zu steigern<\/li>\n<li>die Sport- und Spielm\u00f6glichkeiten oder die Rutschbereiche im Freibad zu erweitern, z.B. durch Anlage eines Volleyballfeldes, eines Sandkastens, der Errichtung eines Kletterger\u00fcstes, der Anschaffung von neuen B\u00e4nken &#8211; diese Anlagen werden auch durch Mitglieder des Vereins gepflegt<\/li>\n<\/ul>\n<p><strong>Der Freibadverein Elverdissen e.V. ist&#8230;<\/strong><\/p>\n<ul>\n<li>Vermittler in besonderen F\u00e4llen und Ansprechpartner zwischen Stadtwerken und Vereinsmitgliedern \/ Badeg\u00e4sten<\/li>\n<li>h\u00e4lt Kontakt zu Beh\u00f6rden und Medien, um f\u00fcr das Freibad einzutreten<\/li>\n<\/ul>\n\n\n<p><\/p>\n","protected":false},"excerpt":{"rendered":"<p>Der Freibadverein Elverdissen e.V. tr\u00e4gt dazu bei&#8230; das Freibad Elverdissen zu erhalten, zu versch\u00f6nern und die Attraktivit\u00e4t zu steigern Kosten durch Mithilfe bei den Pflegearbeiten zu senken durch besondere Aktivit\u00e4ten (wie z.B. das Sommerfest, Aqua-Aerobic-Kurse, Aquaball-Turniere) die Attraktivit\u00e4t zu steigern die Sport- und Spielm\u00f6glichkeiten oder die Rutschbereiche im Freibad zu&#8230;<\/p>\n<p> <a class=\"continue-reading-link\" href=\"http:\/\/www.elverdissen.de\/fbv\/index.php\/uber-den-verein\/\"><span>Continue reading<\/span><i class=\"crycon-right-dir\"><\/i><\/a> <\/p>\n","protected":false},"author":1,"featured_media":0,"parent":0,"menu_order":1,"comment_status":"closed","ping_status":"closed","template":"","meta":{"footnotes":""},"class_list":["post-54","page","type-page","status-publish","hentry"],"_links":{"self":[{"href":"http:\/\/www.elverdissen.de\/fbv\/index.php\/wp-json\/wp\/v2\/pages\/54","targetHints":{"allow":["GET"]}}],"collection":[{"href":"http:\/\/www.elverdissen.de\/fbv\/index.php\/wp-json\/wp\/v2\/pages"}],"about":[{"href":"http:\/\/www.elverdissen.de\/fbv\/index.php\/wp-json\/wp\/v2\/types\/page"}],"author":[{"embeddable":true,"href":"http:\/\/www.elverdissen.de\/fbv\/index.php\/wp-json\/wp\/v2\/users\/1"}],"replies":[{"embeddable":true,"href":"http:\/\/www.elverdissen.de\/fbv\/index.php\/wp-json\/wp\/v2\/comments?post=54"}],"version-history":[{"count":3,"href":"http:\/\/www.elverdissen.de\/fbv\/index.php\/wp-json\/wp\/v2\/pages\/54\/revisions"}],"predecessor-version":[{"id":161,"href":"http:\/\/www.elverdissen.de\/fbv\/index.php\/wp-json\/wp\/v2\/pages\/54\/revisions\/161"}],"wp:attachment":[{"href":"http:\/\/www.elverdissen.de\/fbv\/index.php\/wp-json\/wp\/v2\/media?parent=54"}],"curies":[{"name":"wp","href":"https:\/\/api.w.org\/{rel}","templated":true}]}}