{"id":56,"date":"2018-08-30T09:38:17","date_gmt":"2018-08-30T07:38:17","guid":{"rendered":"http:\/\/www.elverdissen.de\/fbv\/?page_id=56"},"modified":"2022-05-24T19:37:29","modified_gmt":"2022-05-24T17:37:29","slug":"who-is-who","status":"publish","type":"page","link":"http:\/\/www.elverdissen.de\/fbv\/index.php\/who-is-who\/","title":{"rendered":"Vorstand"},"content":{"rendered":"<p>Bettina Bredenk\u00f6tter, 1. Vorsitzende<\/p>\n<p>Martina Rumpold, 2. Vorsitzende<\/p>\n<p>Werner Zurheide, 3. Vorsitzender<\/p>\n<p>Stephanie Meixner, Kassenwartin<\/p>\n<p>Ralf Stockbr\u00fcgger, Schriftf\u00fchrer<\/p>\n<p><strong>Beisitzer:<\/strong><\/p>\n<p>Anne Raven-Scholten<\/p>\n<p>Stephan Sch\u00e4fer<\/p>\n<p>Reinhard Sch\u00f6l<\/p>\n<p>Marion Tondera<\/p>\n<p>Gerd Vogt<\/p>\n<p><strong>Datenschutzbeauftragter:<\/strong><\/p>\n<p>Stephan Sch\u00e4fer<\/p>\n","protected":false},"excerpt":{"rendered":"<p>Bettina Bredenk\u00f6tter, 1. Vorsitzende Martina Rumpold, 2. Vorsitzende Werner Zurheide, 3. Vorsitzender Stephanie Meixner, Kassenwartin Ralf Stockbr\u00fcgger, Schriftf\u00fchrer Beisitzer: Anne Raven-Scholten Stephan Sch\u00e4fer Reinhard Sch\u00f6l Marion Tondera Gerd Vogt Datenschutzbeauftragter: Stephan Sch\u00e4fer<\/p>\n<p> <a class=\"continue-reading-link\" href=\"http:\/\/www.elverdissen.de\/fbv\/index.php\/who-is-who\/\"><span>Continue reading<\/span><i class=\"crycon-right-dir\"><\/i><\/a> <\/p>\n","protected":false},"author":1,"featured_media":0,"parent":0,"menu_order":2,"comment_status":"closed","ping_status":"closed","template":"","meta":{"footnotes":""},"class_list":["post-56","page","type-page","status-publish","hentry"],"_links":{"self":[{"href":"http:\/\/www.elverdissen.de\/fbv\/index.php\/wp-json\/wp\/v2\/pages\/56","targetHints":{"allow":["GET"]}}],"collection":[{"href":"http:\/\/www.elverdissen.de\/fbv\/index.php\/wp-json\/wp\/v2\/pages"}],"about":[{"href":"http:\/\/www.elverdissen.de\/fbv\/index.php\/wp-json\/wp\/v2\/types\/page"}],"author":[{"embeddable":true,"href":"http:\/\/www.elverdissen.de\/fbv\/index.php\/wp-json\/wp\/v2\/users\/1"}],"replies":[{"embeddable":true,"href":"http:\/\/www.elverdissen.de\/fbv\/index.php\/wp-json\/wp\/v2\/comments?post=56"}],"version-history":[{"count":13,"href":"http:\/\/www.elverdissen.de\/fbv\/index.php\/wp-json\/wp\/v2\/pages\/56\/revisions"}],"predecessor-version":[{"id":342,"href":"http:\/\/www.elverdissen.de\/fbv\/index.php\/wp-json\/wp\/v2\/pages\/56\/revisions\/342"}],"wp:attachment":[{"href":"http:\/\/www.elverdissen.de\/fbv\/index.php\/wp-json\/wp\/v2\/media?parent=56"}],"curies":[{"name":"wp","href":"https:\/\/api.w.org\/{rel}","templated":true}]}}